{"id":4732,"date":"2023-04-11T05:51:09","date_gmt":"2023-04-11T05:51:09","guid":{"rendered":"http:\/\/bpolatam.com\/?page_id=4732"},"modified":"2023-08-10T03:27:41","modified_gmt":"2023-08-10T03:27:41","slug":"empleo","status":"publish","type":"page","link":"https:\/\/bpolatam.com\/es\/empleo\/","title":{"rendered":"Empleo"},"content":{"rendered":"\t\t<div data-elementor-type=\"wp-page\" data-elementor-id=\"4732\" class=\"elementor elementor-4732\">\n\t\t\t\t\t\t<section class=\"elementor-section elementor-top-section elementor-element elementor-element-ecc1f39 elementor-section-height-min-height elementor-section-boxed elementor-section-height-default elementor-section-items-middle wpr-particle-no wpr-jarallax-no wpr-parallax-no wpr-sticky-section-no\" data-id=\"ecc1f39\" data-element_type=\"section\" data-e-type=\"section\" data-settings=\"{&quot;background_background&quot;:&quot;classic&quot;}\">\n\t\t\t\t\t\t\t<div class=\"elementor-background-overlay\"><\/div>\n\t\t\t\t\t\t\t<div class=\"elementor-container elementor-column-gap-default\">\n\t\t\t\t\t<div class=\"elementor-column elementor-col-100 elementor-top-column elementor-element elementor-element-cf209a8\" data-id=\"cf209a8\" data-element_type=\"column\" data-e-type=\"column\">\n\t\t\t<div class=\"elementor-widget-wrap\">\n\t\t\t\t\t\t\t<\/div>\n\t\t<\/div>\n\t\t\t\t\t<\/div>\n\t\t<\/section>\n\t\t\t\t<section class=\"elementor-section elementor-top-section elementor-element elementor-element-964e243 elementor-section-content-middle elementor-section-full_width elementor-reverse-tablet elementor-reverse-mobile elementor-section-height-default elementor-section-height-default wpr-particle-no wpr-jarallax-no wpr-parallax-no wpr-sticky-section-no\" data-id=\"964e243\" data-element_type=\"section\" data-e-type=\"section\" data-settings=\"{&quot;background_background&quot;:&quot;classic&quot;}\">\n\t\t\t\t\t\t<div class=\"elementor-container elementor-column-gap-wider\">\n\t\t\t\t\t<div class=\"elementor-column elementor-col-50 elementor-top-column elementor-element elementor-element-fbe4ced elementor-invisible\" data-id=\"fbe4ced\" data-element_type=\"column\" data-e-type=\"column\" data-settings=\"{&quot;background_background&quot;:&quot;classic&quot;,&quot;animation&quot;:&quot;fadeIn&quot;}\">\n\t\t\t<div class=\"elementor-widget-wrap elementor-element-populated\">\n\t\t\t\t\t\t<div class=\"elementor-element elementor-element-236334c1 elementor-hidden-desktop elementor-invisible elementor-widget elementor-widget-image\" data-id=\"236334c1\" data-element_type=\"widget\" data-e-type=\"widget\" data-settings=\"{&quot;_animation&quot;:&quot;fadeIn&quot;}\" data-widget_type=\"image.default\">\n\t\t\t\t<div class=\"elementor-widget-container\">\n\t\t\t\t\t\t\t\t\t\t\t\t\t\t\t<img fetchpriority=\"high\" decoding=\"async\" width=\"724\" height=\"1024\" src=\"https:\/\/i0.wp.com\/bpolatam.com\/wp-content\/uploads\/2023\/08\/jobs.jpg?fit=724%2C1024&amp;ssl=1\" class=\"attachment-large size-large wp-image-7661\" alt=\"\" srcset=\"https:\/\/i0.wp.com\/bpolatam.com\/wp-content\/uploads\/2023\/08\/jobs.jpg?w=945&amp;ssl=1 945w, https:\/\/i0.wp.com\/bpolatam.com\/wp-content\/uploads\/2023\/08\/jobs.jpg?resize=212%2C300&amp;ssl=1 212w, https:\/\/i0.wp.com\/bpolatam.com\/wp-content\/uploads\/2023\/08\/jobs.jpg?resize=724%2C1024&amp;ssl=1 724w, https:\/\/i0.wp.com\/bpolatam.com\/wp-content\/uploads\/2023\/08\/jobs.jpg?resize=768%2C1086&amp;ssl=1 768w\" sizes=\"(max-width: 724px) 100vw, 724px\" \/>\t\t\t\t\t\t\t\t\t\t\t\t\t\t\t<\/div>\n\t\t\t\t<\/div>\n\t\t\t\t\t<\/div>\n\t\t<\/div>\n\t\t\t\t<div class=\"elementor-column elementor-col-50 elementor-top-column elementor-element elementor-element-3a9f4cb\" data-id=\"3a9f4cb\" data-element_type=\"column\" data-e-type=\"column\">\n\t\t\t<div class=\"elementor-widget-wrap elementor-element-populated\">\n\t\t\t\t\t\t<section class=\"elementor-section elementor-inner-section elementor-element elementor-element-21877e4 elementor-section-boxed elementor-section-height-default elementor-section-height-default wpr-particle-no wpr-jarallax-no wpr-parallax-no wpr-sticky-section-no\" data-id=\"21877e4\" data-element_type=\"section\" data-e-type=\"section\">\n\t\t\t\t\t\t<div class=\"elementor-container elementor-column-gap-default\">\n\t\t\t\t\t<div class=\"elementor-column elementor-col-100 elementor-inner-column elementor-element elementor-element-03efd7c bpo-form\" data-id=\"03efd7c\" data-element_type=\"column\" data-e-type=\"column\">\n\t\t\t<div class=\"elementor-widget-wrap elementor-element-populated\">\n\t\t\t\t\t\t<div class=\"elementor-element elementor-element-77a4d7a elementor-widget elementor-widget-text-editor\" data-id=\"77a4d7a\" data-element_type=\"widget\" data-e-type=\"widget\" data-widget_type=\"text-editor.default\">\n\t\t\t\t<div class=\"elementor-widget-container\">\n\t\t\t\t\t\t\t\t\t<p>\u00danete a nuestro equipo de Empleados Virtuales. Conectamos a los mejores candidatos, con las mejores empresas.<\/p><p>Con BPO LATAM tendr\u00e1s:<\/p><ul><li>El respaldo de una empresa local que se ocupa de tus pagos.<\/li><li>Pagos puntuales quincenalmente.<\/li><li>Sin comisiones, ni recargos en comisiones bancarias.<\/li><\/ul><p>\u00a0<\/p><p>BPO LATAM la manera m\u00e1s segura de ser un Empleado Virtual<\/p>\t\t\t\t\t\t\t\t<\/div>\n\t\t\t\t<\/div>\n\t\t\t\t<div class=\"elementor-element elementor-element-19dc78a wpr-forms-submit-justify wpr-forms-align-left elementor-widget elementor-widget-wpr-forms\" data-id=\"19dc78a\" data-element_type=\"widget\" data-e-type=\"widget\" data-widget_type=\"wpr-forms.default\">\n\t\t\t\t<div class=\"elementor-widget-container\">\n\t\t\t\t\t<div class=\"wpr-forms-container wpr-custom-chk-radio\">\n<div class=\"wpcf7 no-js\" id=\"wpcf7-f5479-o1\" lang=\"es-ES\" dir=\"ltr\" data-wpcf7-id=\"5479\">\n<div class=\"screen-reader-response\"><p role=\"status\" aria-live=\"polite\" aria-atomic=\"true\"><\/p> <ul><\/ul><\/div>\n<form action=\"\/es\/wp-json\/wp\/v2\/pages\/4732#wpcf7-f5479-o1\" method=\"post\" class=\"wpcf7-form init\" aria-label=\"Formulario de contacto\" enctype=\"multipart\/form-data\" novalidate=\"novalidate\" data-status=\"init\">\n<fieldset class=\"hidden-fields-container\"><input type=\"hidden\" name=\"_wpcf7\" value=\"5479\" \/><input type=\"hidden\" name=\"_wpcf7_version\" value=\"6.1.5\" \/><input type=\"hidden\" name=\"_wpcf7_locale\" value=\"es_ES\" \/><input type=\"hidden\" name=\"_wpcf7_unit_tag\" value=\"wpcf7-f5479-o1\" \/><input type=\"hidden\" name=\"_wpcf7_container_post\" value=\"0\" \/><input type=\"hidden\" name=\"_wpcf7_posted_data_hash\" value=\"\" \/><input type=\"hidden\" name=\"_wpcf7_recaptcha_response\" value=\"\" \/>\n<\/fieldset>\n<div class=\"uacf7-form-wrapper-container uacf7-form-5479  \"><div class=\"uacf7-row\">\n<div class=\"uacf7-col-6\"> <div class=\"bpo-border\"><span class=\"wpcf7-form-control-wrap\" data-name=\"your-name\"><input size=\"40\" maxlength=\"400\" class=\"wpcf7-form-control wpcf7-text wpcf7-validates-as-required\" aria-required=\"true\" aria-invalid=\"false\" placeholder=\"Nombre*\" value=\"\" type=\"text\" name=\"your-name\" \/><\/span><\/div> <\/div>\n<div class=\"uacf7-col-6\"> <div class=\"bpo-border\"><span class=\"wpcf7-form-control-wrap\" data-name=\"your-lastname\"><input size=\"40\" maxlength=\"400\" class=\"wpcf7-form-control wpcf7-text wpcf7-validates-as-required\" aria-required=\"true\" aria-invalid=\"false\" placeholder=\"Apellido*\" value=\"\" type=\"text\" name=\"your-lastname\" \/><\/span><\/div> <\/div>\n<\/div>\n<div class=\"uacf7-row\">\n<div class=\"uacf7-col-6\"> <div class=\"bpo-border\"><span class=\"wpcf7-form-control-wrap\" data-name=\"your-email\"><input size=\"40\" maxlength=\"400\" class=\"wpcf7-form-control wpcf7-email wpcf7-validates-as-required wpcf7-text wpcf7-validates-as-email\" aria-required=\"true\" aria-invalid=\"false\" placeholder=\"Correo electr\u00f3nico*\" value=\"\" type=\"email\" name=\"your-email\" \/><\/span><\/div> <\/div>\n<div class=\"uacf7-col-6\"> <div class=\"bpo-border\"><span class=\"wpcf7-form-control-wrap\" data-name=\"your-phone\"><input size=\"40\" maxlength=\"400\" class=\"wpcf7-form-control wpcf7-tel wpcf7-validates-as-required wpcf7-text wpcf7-validates-as-tel\" aria-required=\"true\" aria-invalid=\"false\" placeholder=\"Tel\u00e9fono*\" value=\"\" type=\"tel\" name=\"your-phone\" \/><\/span><\/div> <\/div>\n<\/div>\n<div class=\"uacf7-row\">\n<div class=\"uacf7-col-12\"> <div class=\"bpo-border\"><span class=\"wpcf7-form-control-wrap\" data-name=\"your-country\"><input size=\"40\" maxlength=\"400\" class=\"wpcf7-form-control wpcf7-text wpcf7-validates-as-required\" aria-required=\"true\" aria-invalid=\"false\" placeholder=\"Pa\u00eds de residencia*\" value=\"\" type=\"text\" name=\"your-country\" \/><\/span><\/div> <\/div>\n<\/div>\n<div class=\"uacf7-row\">\n<div class=\"uacf7-col-12\"> <div class=\"bpo-border\"><span class=\"wpcf7-form-control-wrap\" data-name=\"your-message\"><textarea cols=\"40\" rows=\"10\" maxlength=\"2000\" class=\"wpcf7-form-control wpcf7-textarea\" aria-invalid=\"false\" placeholder=\"Ind\u00edcanos brevemente tus funciones y\/o habilidades, ejemplo Soy Dise\u00f1ador, contador, etc*\" name=\"your-message\"><\/textarea><\/span><\/div> <\/div>\n<\/div>\n<div class=\"uacf7-row\">\n<div class=\"uacf7-col-12\"> <div class=\"bpo-border\"><span class=\"wpcf7-form-control-wrap\" data-name=\"your-profile\"><input size=\"40\" maxlength=\"400\" class=\"wpcf7-form-control wpcf7-url wpcf7-validates-as-required wpcf7-text wpcf7-validates-as-url\" aria-required=\"true\" aria-invalid=\"false\" placeholder=\"Enlace a tu perfil linkedin o portafolio*\" value=\"\" type=\"url\" name=\"your-profile\" \/><\/span><\/div> <\/div>\n<\/div>\n<div class=\"uacf7-row\">\n<div class=\"uacf7-col-12\"> <span class=\"wpcf7-form-control-wrap\" data-name=\"your-cv\"><input size=\"40\" class=\"wpcf7-form-control wpcf7-file\" accept=\".doc,.docx,.pdf\" aria-invalid=\"false\" type=\"file\" name=\"your-cv\" \/><\/span><em>Adjunta tu CV en formato Word o PDF con peso m\u00e1ximo de 5mb<\/em> <\/div>\n<\/div>\n<div class=\"uacf7-row\">\n<div class=\"uacf7-col-12\"> <span class=\"wpcf7-form-control-wrap\" data-name=\"acceptance\"><span class=\"wpcf7-form-control wpcf7-acceptance\"><span class=\"wpcf7-list-item\"><label><input type=\"checkbox\" name=\"acceptance\" value=\"1\" aria-invalid=\"false\" \/><span class=\"wpcf7-list-item-label\">Acepto recibir informaci\u00f3n de BPO LATAM *<\/span><\/label><\/span><\/span><\/span> <\/div>\n<\/div>\n<div class=\"uacf7-row\">\n<div class=\"uacf7-col-12\"> <input class=\"wpcf7-form-control wpcf7-submit has-spinner\" type=\"submit\" value=\"Enviar\" \/> <\/div>\n<\/div><\/div><p style=\"display: none !important;\" class=\"akismet-fields-container\" data-prefix=\"_wpcf7_ak_\"><label>&#916;<textarea name=\"_wpcf7_ak_hp_textarea\" cols=\"45\" rows=\"8\" maxlength=\"100\"><\/textarea><\/label><input type=\"hidden\" id=\"ak_js_1\" name=\"_wpcf7_ak_js\" value=\"27\"\/><script>document.getElementById( \"ak_js_1\" ).setAttribute( \"value\", ( new Date() ).getTime() );<\/script><\/p><div class=\"wpcf7-response-output\" aria-hidden=\"true\"><\/div>\n<\/form>\n<\/div>\n<\/div>\t\t\t\t<\/div>\n\t\t\t\t<\/div>\n\t\t\t\t\t<\/div>\n\t\t<\/div>\n\t\t\t\t\t<\/div>\n\t\t<\/section>\n\t\t\t\t\t<\/div>\n\t\t<\/div>\n\t\t\t\t\t<\/div>\n\t\t<\/section>\n\t\t\t\t<\/div>\n\t\t","protected":false},"excerpt":{"rendered":"<p>\u00danete a nuestro equipo de Empleados Virtuales. Conectamos a los mejores candidatos, con las mejores empresas. Con BPO LATAM tendr\u00e1s: El respaldo de una empresa local que se ocupa de tus pagos. Pagos puntuales quincenalmente. Sin comisiones, ni recargos en comisiones bancarias. BPO LATAM la manera m\u00e1s segura de ser un Empleado Virtual Adjunta tu CV en formato word o pdf con peso m\u00e1ximo de 5mb Acepto recibir informaci\u00f3n de BPO Latam *<\/p>\n","protected":false},"author":1,"featured_media":8155,"parent":0,"menu_order":0,"comment_status":"closed","ping_status":"closed","template":"elementor_canvas","meta":{"inline_featured_image":false,"_joinchat":[],"footnotes":""},"class_list":["post-4732","page","type-page","status-publish","has-post-thumbnail","hentry"],"yoast_head":"<!-- This site is optimized with the Yoast SEO plugin v27.2 - https:\/\/yoast.com\/product\/yoast-seo-wordpress\/ -->\n<title>Empleo - BPO Latam<\/title>\n<meta name=\"description\" content=\"\u00danete a nuestro equipo de Empleados Virtuales. Conectamos a los mejores candidatos, con las mejores empresas\" \/>\n<meta name=\"robots\" content=\"index, follow, max-snippet:-1, max-image-preview:large, max-video-preview:-1\" \/>\n<link rel=\"canonical\" href=\"https:\/\/bpolatam.com\/es\/empleo\/\" \/>\n<meta property=\"og:locale\" content=\"es_ES\" \/>\n<meta property=\"og:type\" content=\"article\" \/>\n<meta property=\"og:title\" content=\"Empleo - BPO Latam\" \/>\n<meta property=\"og:description\" content=\"\u00danete a nuestro equipo de Empleados Virtuales. Conectamos a los mejores candidatos, con las mejores empresas\" \/>\n<meta property=\"og:url\" content=\"https:\/\/bpolatam.com\/es\/empleo\/\" \/>\n<meta property=\"og:site_name\" content=\"BPO Latam\" \/>\n<meta property=\"article:modified_time\" content=\"2023-08-10T03:27:41+00:00\" \/>\n<meta property=\"og:image\" content=\"https:\/\/bpolatam.com\/wp-content\/uploads\/2023\/08\/bpo-post-card.jpg\" \/>\n\t<meta property=\"og:image:width\" content=\"1200\" \/>\n\t<meta property=\"og:image:height\" content=\"600\" \/>\n\t<meta property=\"og:image:type\" content=\"image\/jpeg\" \/>\n<meta name=\"twitter:card\" content=\"summary_large_image\" \/>\n<meta name=\"twitter:label1\" content=\"Tiempo de lectura\" \/>\n\t<meta name=\"twitter:data1\" content=\"1 minuto\" \/>\n<script type=\"application\/ld+json\" class=\"yoast-schema-graph\">{\"@context\":\"https:\/\/schema.org\",\"@graph\":[{\"@type\":\"WebPage\",\"@id\":\"https:\/\/bpolatam.com\/es\/empleo\/\",\"url\":\"https:\/\/bpolatam.com\/es\/empleo\/\",\"name\":\"Empleo - BPO Latam\",\"isPartOf\":{\"@id\":\"https:\/\/bpolatam.com\/es\/#website\"},\"primaryImageOfPage\":{\"@id\":\"https:\/\/bpolatam.com\/es\/empleo\/#primaryimage\"},\"image\":{\"@id\":\"https:\/\/bpolatam.com\/es\/empleo\/#primaryimage\"},\"thumbnailUrl\":\"https:\/\/i0.wp.com\/bpolatam.com\/wp-content\/uploads\/2023\/08\/bpo-post-card.jpg?fit=1200%2C600&ssl=1\",\"datePublished\":\"2023-04-11T05:51:09+00:00\",\"dateModified\":\"2023-08-10T03:27:41+00:00\",\"description\":\"\u00danete a nuestro equipo de Empleados Virtuales. Conectamos a los mejores candidatos, con las mejores empresas\",\"breadcrumb\":{\"@id\":\"https:\/\/bpolatam.com\/es\/empleo\/#breadcrumb\"},\"inLanguage\":\"es\",\"potentialAction\":[{\"@type\":\"ReadAction\",\"target\":[\"https:\/\/bpolatam.com\/es\/empleo\/\"]}]},{\"@type\":\"ImageObject\",\"inLanguage\":\"es\",\"@id\":\"https:\/\/bpolatam.com\/es\/empleo\/#primaryimage\",\"url\":\"https:\/\/i0.wp.com\/bpolatam.com\/wp-content\/uploads\/2023\/08\/bpo-post-card.jpg?fit=1200%2C600&ssl=1\",\"contentUrl\":\"https:\/\/i0.wp.com\/bpolatam.com\/wp-content\/uploads\/2023\/08\/bpo-post-card.jpg?fit=1200%2C600&ssl=1\",\"width\":1200,\"height\":600,\"caption\":\"BPO LATAM - Business Process Outsourcing\"},{\"@type\":\"BreadcrumbList\",\"@id\":\"https:\/\/bpolatam.com\/es\/empleo\/#breadcrumb\",\"itemListElement\":[{\"@type\":\"ListItem\",\"position\":1,\"name\":\"Portada\",\"item\":\"https:\/\/bpolatam.com\/es\/\"},{\"@type\":\"ListItem\",\"position\":2,\"name\":\"Empleo\"}]},{\"@type\":\"WebSite\",\"@id\":\"https:\/\/bpolatam.com\/es\/#website\",\"url\":\"https:\/\/bpolatam.com\/es\/\",\"name\":\"BPO Latam\",\"description\":\"Business Process Outsourcing\",\"publisher\":{\"@id\":\"https:\/\/bpolatam.com\/es\/#organization\"},\"potentialAction\":[{\"@type\":\"SearchAction\",\"target\":{\"@type\":\"EntryPoint\",\"urlTemplate\":\"https:\/\/bpolatam.com\/es\/?s={search_term_string}\"},\"query-input\":{\"@type\":\"PropertyValueSpecification\",\"valueRequired\":true,\"valueName\":\"search_term_string\"}}],\"inLanguage\":\"es\"},{\"@type\":\"Organization\",\"@id\":\"https:\/\/bpolatam.com\/es\/#organization\",\"name\":\"BPO Latam\",\"url\":\"https:\/\/bpolatam.com\/es\/\",\"logo\":{\"@type\":\"ImageObject\",\"inLanguage\":\"es\",\"@id\":\"https:\/\/bpolatam.com\/es\/#\/schema\/logo\/image\/\",\"url\":\"https:\/\/bpolatam.com\/wp-content\/uploads\/2023\/07\/bpo-logo.svg\",\"contentUrl\":\"https:\/\/bpolatam.com\/wp-content\/uploads\/2023\/07\/bpo-logo.svg\",\"width\":792,\"height\":612,\"caption\":\"BPO Latam\"},\"image\":{\"@id\":\"https:\/\/bpolatam.com\/es\/#\/schema\/logo\/image\/\"}}]}<\/script>\n<!-- \/ Yoast SEO plugin. -->","yoast_head_json":{"title":"Empleo - BPO Latam","description":"\u00danete a nuestro equipo de Empleados Virtuales. Conectamos a los mejores candidatos, con las mejores empresas","robots":{"index":"index","follow":"follow","max-snippet":"max-snippet:-1","max-image-preview":"max-image-preview:large","max-video-preview":"max-video-preview:-1"},"canonical":"https:\/\/bpolatam.com\/es\/empleo\/","og_locale":"es_ES","og_type":"article","og_title":"Empleo - BPO Latam","og_description":"\u00danete a nuestro equipo de Empleados Virtuales. Conectamos a los mejores candidatos, con las mejores empresas","og_url":"https:\/\/bpolatam.com\/es\/empleo\/","og_site_name":"BPO Latam","article_modified_time":"2023-08-10T03:27:41+00:00","og_image":[{"width":1200,"height":600,"url":"https:\/\/bpolatam.com\/wp-content\/uploads\/2023\/08\/bpo-post-card.jpg","type":"image\/jpeg"}],"twitter_card":"summary_large_image","twitter_misc":{"Tiempo de lectura":"1 minuto"},"schema":{"@context":"https:\/\/schema.org","@graph":[{"@type":"WebPage","@id":"https:\/\/bpolatam.com\/es\/empleo\/","url":"https:\/\/bpolatam.com\/es\/empleo\/","name":"Empleo - BPO Latam","isPartOf":{"@id":"https:\/\/bpolatam.com\/es\/#website"},"primaryImageOfPage":{"@id":"https:\/\/bpolatam.com\/es\/empleo\/#primaryimage"},"image":{"@id":"https:\/\/bpolatam.com\/es\/empleo\/#primaryimage"},"thumbnailUrl":"https:\/\/i0.wp.com\/bpolatam.com\/wp-content\/uploads\/2023\/08\/bpo-post-card.jpg?fit=1200%2C600&ssl=1","datePublished":"2023-04-11T05:51:09+00:00","dateModified":"2023-08-10T03:27:41+00:00","description":"\u00danete a nuestro equipo de Empleados Virtuales. Conectamos a los mejores candidatos, con las mejores empresas","breadcrumb":{"@id":"https:\/\/bpolatam.com\/es\/empleo\/#breadcrumb"},"inLanguage":"es","potentialAction":[{"@type":"ReadAction","target":["https:\/\/bpolatam.com\/es\/empleo\/"]}]},{"@type":"ImageObject","inLanguage":"es","@id":"https:\/\/bpolatam.com\/es\/empleo\/#primaryimage","url":"https:\/\/i0.wp.com\/bpolatam.com\/wp-content\/uploads\/2023\/08\/bpo-post-card.jpg?fit=1200%2C600&ssl=1","contentUrl":"https:\/\/i0.wp.com\/bpolatam.com\/wp-content\/uploads\/2023\/08\/bpo-post-card.jpg?fit=1200%2C600&ssl=1","width":1200,"height":600,"caption":"BPO LATAM - Business Process Outsourcing"},{"@type":"BreadcrumbList","@id":"https:\/\/bpolatam.com\/es\/empleo\/#breadcrumb","itemListElement":[{"@type":"ListItem","position":1,"name":"Portada","item":"https:\/\/bpolatam.com\/es\/"},{"@type":"ListItem","position":2,"name":"Empleo"}]},{"@type":"WebSite","@id":"https:\/\/bpolatam.com\/es\/#website","url":"https:\/\/bpolatam.com\/es\/","name":"BPO Latam","description":"Business Process Outsourcing","publisher":{"@id":"https:\/\/bpolatam.com\/es\/#organization"},"potentialAction":[{"@type":"SearchAction","target":{"@type":"EntryPoint","urlTemplate":"https:\/\/bpolatam.com\/es\/?s={search_term_string}"},"query-input":{"@type":"PropertyValueSpecification","valueRequired":true,"valueName":"search_term_string"}}],"inLanguage":"es"},{"@type":"Organization","@id":"https:\/\/bpolatam.com\/es\/#organization","name":"BPO Latam","url":"https:\/\/bpolatam.com\/es\/","logo":{"@type":"ImageObject","inLanguage":"es","@id":"https:\/\/bpolatam.com\/es\/#\/schema\/logo\/image\/","url":"https:\/\/bpolatam.com\/wp-content\/uploads\/2023\/07\/bpo-logo.svg","contentUrl":"https:\/\/bpolatam.com\/wp-content\/uploads\/2023\/07\/bpo-logo.svg","width":792,"height":612,"caption":"BPO Latam"},"image":{"@id":"https:\/\/bpolatam.com\/es\/#\/schema\/logo\/image\/"}}]}},"jetpack_sharing_enabled":true,"_links":{"self":[{"href":"https:\/\/bpolatam.com\/es\/wp-json\/wp\/v2\/pages\/4732","targetHints":{"allow":["GET"]}}],"collection":[{"href":"https:\/\/bpolatam.com\/es\/wp-json\/wp\/v2\/pages"}],"about":[{"href":"https:\/\/bpolatam.com\/es\/wp-json\/wp\/v2\/types\/page"}],"author":[{"embeddable":true,"href":"https:\/\/bpolatam.com\/es\/wp-json\/wp\/v2\/users\/1"}],"replies":[{"embeddable":true,"href":"https:\/\/bpolatam.com\/es\/wp-json\/wp\/v2\/comments?post=4732"}],"version-history":[{"count":54,"href":"https:\/\/bpolatam.com\/es\/wp-json\/wp\/v2\/pages\/4732\/revisions"}],"predecessor-version":[{"id":8153,"href":"https:\/\/bpolatam.com\/es\/wp-json\/wp\/v2\/pages\/4732\/revisions\/8153"}],"wp:featuredmedia":[{"embeddable":true,"href":"https:\/\/bpolatam.com\/es\/wp-json\/wp\/v2\/media\/8155"}],"wp:attachment":[{"href":"https:\/\/bpolatam.com\/es\/wp-json\/wp\/v2\/media?parent=4732"}],"curies":[{"name":"wp","href":"https:\/\/api.w.org\/{rel}","templated":true}]}}