{"id":12,"date":"2023-01-24T08:09:55","date_gmt":"2023-01-24T08:09:55","guid":{"rendered":"https:\/\/demosites.royal-elementor-addons.com\/car-repair-v1\/?page_id=12"},"modified":"2023-08-10T03:41:58","modified_gmt":"2023-08-10T03:41:58","slug":"contacto","status":"publish","type":"page","link":"https:\/\/bpolatam.com\/es\/contacto\/","title":{"rendered":"Contacto"},"content":{"rendered":"\t\t<div data-elementor-type=\"wp-page\" data-elementor-id=\"12\" class=\"elementor elementor-12\">\n\t\t\t\t\t\t<section class=\"elementor-section elementor-top-section elementor-element elementor-element-7a4a4a5 elementor-section-height-min-height elementor-section-boxed elementor-section-height-default elementor-section-items-middle wpr-particle-no wpr-jarallax-no wpr-parallax-no wpr-sticky-section-no\" data-id=\"7a4a4a5\" data-element_type=\"section\" data-e-type=\"section\" data-settings=\"{&quot;background_background&quot;:&quot;classic&quot;}\">\n\t\t\t\t\t\t\t<div class=\"elementor-background-overlay\"><\/div>\n\t\t\t\t\t\t\t<div class=\"elementor-container elementor-column-gap-default\">\n\t\t\t\t\t<div class=\"elementor-column elementor-col-100 elementor-top-column elementor-element elementor-element-3fba76c\" data-id=\"3fba76c\" data-element_type=\"column\" data-e-type=\"column\">\n\t\t\t<div class=\"elementor-widget-wrap\">\n\t\t\t\t\t\t\t<\/div>\n\t\t<\/div>\n\t\t\t\t\t<\/div>\n\t\t<\/section>\n\t\t<a class=\"eael-wrapper-link-2a62c1b --eael-wrapper-link-tag\" href=\"https:\/\/goo.gl\/maps\/dRbaC6brTTndtuvd7\" target=\"_blank\"><\/a>\t\t<section data-eael-wrapper-link=\"eael-wrapper-link-2a62c1b\" class=\"elementor-section elementor-top-section elementor-element elementor-element-2a62c1b elementor-section-full_width elementor-section-height-default elementor-section-height-default wpr-particle-no wpr-jarallax-no wpr-parallax-no wpr-sticky-section-no\" data-id=\"2a62c1b\" data-element_type=\"section\" data-e-type=\"section\" data-settings=\"{&quot;background_background&quot;:&quot;classic&quot;}\">\n\t\t\t\t\t\t<div class=\"elementor-container elementor-column-gap-default\">\n\t\t\t\t\t<div class=\"elementor-column elementor-col-100 elementor-top-column elementor-element elementor-element-93d11e2\" data-id=\"93d11e2\" data-element_type=\"column\" data-e-type=\"column\">\n\t\t\t<div class=\"elementor-widget-wrap elementor-element-populated\">\n\t\t\t\t\t\t<div class=\"elementor-element elementor-element-3897925 elementor-widget elementor-widget-spacer\" data-id=\"3897925\" data-element_type=\"widget\" data-e-type=\"widget\" data-widget_type=\"spacer.default\">\n\t\t\t\t<div class=\"elementor-widget-container\">\n\t\t\t\t\t\t\t<div class=\"elementor-spacer\">\n\t\t\t<div class=\"elementor-spacer-inner\"><\/div>\n\t\t<\/div>\n\t\t\t\t\t\t<\/div>\n\t\t\t\t<\/div>\n\t\t\t\t\t<\/div>\n\t\t<\/div>\n\t\t\t\t\t<\/div>\n\t\t<\/section>\n\t\t\t\t<section class=\"elementor-section elementor-top-section elementor-element elementor-element-87dabd7 elementor-reverse-tablet elementor-reverse-mobile elementor-section-boxed elementor-section-height-default elementor-section-height-default wpr-particle-no wpr-jarallax-no wpr-parallax-no wpr-sticky-section-no elementor-invisible\" data-id=\"87dabd7\" data-element_type=\"section\" data-e-type=\"section\" data-settings=\"{&quot;animation&quot;:&quot;fadeIn&quot;}\">\n\t\t\t\t\t\t<div class=\"elementor-container elementor-column-gap-default\">\n\t\t\t\t\t<div class=\"elementor-column elementor-col-50 elementor-top-column elementor-element elementor-element-531ace1\" data-id=\"531ace1\" data-element_type=\"column\" data-e-type=\"column\">\n\t\t\t<div class=\"elementor-widget-wrap elementor-element-populated\">\n\t\t\t\t\t\t<div class=\"elementor-element elementor-element-f72b7f9 elementor-widget elementor-widget-image\" data-id=\"f72b7f9\" data-element_type=\"widget\" data-e-type=\"widget\" data-widget_type=\"image.default\">\n\t\t\t\t<div class=\"elementor-widget-container\">\n\t\t\t\t\t\t\t\t\t\t\t\t\t\t\t<img fetchpriority=\"high\" decoding=\"async\" width=\"960\" height=\"744\" src=\"https:\/\/bpolatam.com\/wp-content\/uploads\/2023\/07\/bpo-logo.svg\" class=\"attachment-large size-large wp-image-5742\" alt=\"BPO Latam\" \/>\t\t\t\t\t\t\t\t\t\t\t\t\t\t\t<\/div>\n\t\t\t\t<\/div>\n\t\t\t\t<div class=\"elementor-element elementor-element-a48a877 elementor-widget elementor-widget-text-editor\" data-id=\"a48a877\" data-element_type=\"widget\" data-e-type=\"widget\" data-widget_type=\"text-editor.default\">\n\t\t\t\t<div class=\"elementor-widget-container\">\n\t\t\t\t\t\t\t\t\t<p>Somos su soluci\u00f3n m\u00e1s conveniente y rentable para contratar Empleados Virtuales o externalizar sus funciones y procesos de negocio, en Am\u00e9rica Latina.<\/p>\t\t\t\t\t\t\t\t<\/div>\n\t\t\t\t<\/div>\n\t\t\t\t\t<\/div>\n\t\t<\/div>\n\t\t\t\t<div class=\"elementor-column elementor-col-50 elementor-top-column elementor-element elementor-element-e5812f8\" data-id=\"e5812f8\" data-element_type=\"column\" data-e-type=\"column\" data-settings=\"{&quot;background_background&quot;:&quot;classic&quot;}\">\n\t\t\t<div class=\"elementor-widget-wrap elementor-element-populated\">\n\t\t\t\t\t\t<section class=\"elementor-section elementor-inner-section elementor-element elementor-element-d2e32df elementor-section-boxed elementor-section-height-default elementor-section-height-default wpr-particle-no wpr-jarallax-no wpr-parallax-no wpr-sticky-section-no\" data-id=\"d2e32df\" data-element_type=\"section\" data-e-type=\"section\">\n\t\t\t\t\t\t<div class=\"elementor-container elementor-column-gap-default\">\n\t\t\t\t\t<div class=\"elementor-column elementor-col-100 elementor-inner-column elementor-element elementor-element-4f253bb\" data-id=\"4f253bb\" data-element_type=\"column\" data-e-type=\"column\" data-settings=\"{&quot;background_background&quot;:&quot;classic&quot;}\">\n\t\t\t<div class=\"elementor-widget-wrap elementor-element-populated\">\n\t\t\t\t\t\t<div class=\"elementor-element elementor-element-280997e wpr-forms-submit-right wpr-forms-align-left elementor-widget elementor-widget-wpr-forms\" data-id=\"280997e\" data-element_type=\"widget\" data-e-type=\"widget\" data-widget_type=\"wpr-forms.default\">\n\t\t\t\t<div class=\"elementor-widget-container\">\n\t\t\t\t\t<div class=\"wpr-forms-container wpr-custom-chk-radio\">\n<div class=\"wpcf7 no-js\" id=\"wpcf7-f5144-o1\" lang=\"es-ES\" dir=\"ltr\" data-wpcf7-id=\"5144\">\n<div class=\"screen-reader-response\"><p role=\"status\" aria-live=\"polite\" aria-atomic=\"true\"><\/p> <ul><\/ul><\/div>\n<form action=\"\/es\/wp-json\/wp\/v2\/pages\/12#wpcf7-f5144-o1\" method=\"post\" class=\"wpcf7-form init\" aria-label=\"Formulario de contacto\" novalidate=\"novalidate\" data-status=\"init\">\n<fieldset class=\"hidden-fields-container\"><input type=\"hidden\" name=\"_wpcf7\" value=\"5144\" \/><input type=\"hidden\" name=\"_wpcf7_version\" value=\"6.1.5\" \/><input type=\"hidden\" name=\"_wpcf7_locale\" value=\"es_ES\" \/><input type=\"hidden\" name=\"_wpcf7_unit_tag\" value=\"wpcf7-f5144-o1\" \/><input type=\"hidden\" name=\"_wpcf7_container_post\" value=\"0\" \/><input type=\"hidden\" name=\"_wpcf7_posted_data_hash\" value=\"\" \/><input type=\"hidden\" name=\"_wpcf7_recaptcha_response\" value=\"\" \/>\n<\/fieldset>\n<div class=\"uacf7-form-wrapper-container uacf7-form-5144  \"><div class=\"uacf7-row\">\n<div class=\"uacf7-col-6\"> <div class=\"bpo-border\"><span class=\"wpcf7-form-control-wrap\" data-name=\"your-name\"><input size=\"40\" maxlength=\"400\" class=\"wpcf7-form-control wpcf7-text wpcf7-validates-as-required\" aria-required=\"true\" aria-invalid=\"false\" placeholder=\"Nombre*\" value=\"\" type=\"text\" name=\"your-name\" \/><\/span><\/div> <\/div>\n<div class=\"uacf7-col-6\"> <div class=\"bpo-border\"><span class=\"wpcf7-form-control-wrap\" data-name=\"your-lastname\"><input size=\"40\" maxlength=\"400\" class=\"wpcf7-form-control wpcf7-text wpcf7-validates-as-required\" aria-required=\"true\" aria-invalid=\"false\" placeholder=\"Apellido*\" value=\"\" type=\"text\" name=\"your-lastname\" \/><\/span><\/div> <\/div>\n<\/div>\n<div class=\"uacf7-row\">\n<div class=\"uacf7-col-6\"> <div class=\"bpo-border\"><span class=\"wpcf7-form-control-wrap\" data-name=\"your-email\"><input size=\"40\" maxlength=\"400\" class=\"wpcf7-form-control wpcf7-email wpcf7-validates-as-required wpcf7-text wpcf7-validates-as-email\" aria-required=\"true\" aria-invalid=\"false\" placeholder=\"Correo electr\u00f3nico*\" value=\"\" type=\"email\" name=\"your-email\" \/><\/span><\/div> <\/div>\n<div class=\"uacf7-col-6\"> <div class=\"bpo-border\"><span class=\"wpcf7-form-control-wrap\" data-name=\"your-phone\"><input size=\"40\" maxlength=\"400\" class=\"wpcf7-form-control wpcf7-tel wpcf7-validates-as-required wpcf7-text wpcf7-validates-as-tel\" aria-required=\"true\" aria-invalid=\"false\" placeholder=\"Tel\u00e9fono*\" value=\"\" type=\"tel\" name=\"your-phone\" \/><\/span><\/div> <\/div>\n<\/div>\n<div class=\"uacf7-row\">\n<div class=\"uacf7-col-6\"> <div class=\"bpo-border\"><span class=\"wpcf7-form-control-wrap\" data-name=\"your-company\"><input size=\"40\" maxlength=\"400\" class=\"wpcf7-form-control wpcf7-text wpcf7-validates-as-required\" aria-required=\"true\" aria-invalid=\"false\" placeholder=\"Empresa*\" value=\"\" type=\"text\" name=\"your-company\" \/><\/span><\/div> <\/div>\n<div class=\"uacf7-col-6\"> <div class=\"bpo-border\"><span class=\"wpcf7-form-control-wrap\" data-name=\"your-position\"><input size=\"40\" maxlength=\"400\" class=\"wpcf7-form-control wpcf7-text wpcf7-validates-as-required\" aria-required=\"true\" aria-invalid=\"false\" placeholder=\"Cargo*\" value=\"\" type=\"text\" name=\"your-position\" \/><\/span><\/div> <\/div>\n<\/div>\n<div class=\"uacf7-row\">\n<div class=\"uacf7-col-12\"> <div class=\"bpo-border\"><span class=\"wpcf7-form-control-wrap\" data-name=\"your-message\"><textarea cols=\"40\" rows=\"10\" maxlength=\"2000\" class=\"wpcf7-form-control wpcf7-textarea\" aria-invalid=\"false\" placeholder=\"\u00bfC\u00f3mo podemos ayudarte?*\" name=\"your-message\"><\/textarea><\/span><\/div> <\/div>\n<\/div>\n<div class=\"uacf7-row\">\n<div class=\"uacf7-col-12\"> <span class=\"wpcf7-form-control-wrap\" data-name=\"acceptance\"><span class=\"wpcf7-form-control wpcf7-acceptance\"><span class=\"wpcf7-list-item\"><label><input type=\"checkbox\" name=\"acceptance\" value=\"1\" aria-invalid=\"false\" \/><span class=\"wpcf7-list-item-label\">Acepto recibir informaci\u00f3n de BPO LATAM *<\/span><\/label><\/span><\/span><\/span> <\/div>\n<\/div>\n<div class=\"uacf7-row\">\n<div class=\"uacf7-col-12\"> <input class=\"wpcf7-form-control wpcf7-submit has-spinner\" type=\"submit\" value=\"Enviar\" \/> <\/div>\n<\/div><\/div><p style=\"display: none !important;\" class=\"akismet-fields-container\" data-prefix=\"_wpcf7_ak_\"><label>&#916;<textarea name=\"_wpcf7_ak_hp_textarea\" cols=\"45\" rows=\"8\" maxlength=\"100\"><\/textarea><\/label><input type=\"hidden\" id=\"ak_js_1\" name=\"_wpcf7_ak_js\" value=\"12\"\/><script>document.getElementById( \"ak_js_1\" ).setAttribute( \"value\", ( new Date() ).getTime() );<\/script><\/p><div class=\"wpcf7-response-output\" aria-hidden=\"true\"><\/div>\n<\/form>\n<\/div>\n<\/div>\t\t\t\t<\/div>\n\t\t\t\t<\/div>\n\t\t\t\t\t<\/div>\n\t\t<\/div>\n\t\t\t\t\t<\/div>\n\t\t<\/section>\n\t\t\t\t\t<\/div>\n\t\t<\/div>\n\t\t\t\t\t<\/div>\n\t\t<\/section>\n\t\t\t\t<section data-pa-eq-height=\"{&quot;targetType&quot;:&quot;widget&quot;,&quot;target&quot;:&quot;&quot;,&quot;trigger&quot;:&quot;load&quot;,&quot;enableOn&quot;:[&quot;desktop&quot;,&quot;tablet&quot;,&quot;mobile&quot;]}\" class=\"elementor-section elementor-top-section elementor-element elementor-element-75276c2 elementor-section-full_width elementor-section-content-middle premium-equal-height-yes elementor-section-height-default elementor-section-height-default wpr-particle-no wpr-jarallax-no wpr-parallax-no wpr-sticky-section-no\" data-id=\"75276c2\" data-element_type=\"section\" data-e-type=\"section\" data-settings=\"{&quot;premium_eq_height_switcher&quot;:&quot;yes&quot;}\">\n\t\t\t\t\t\t<div class=\"elementor-container elementor-column-gap-default\">\n\t\t\t\t\t<div class=\"elementor-column elementor-col-33 elementor-top-column elementor-element elementor-element-c82bcfd contact-cta-col\" data-id=\"c82bcfd\" data-element_type=\"column\" data-e-type=\"column\" data-settings=\"{&quot;background_background&quot;:&quot;classic&quot;}\">\n\t\t\t<div class=\"elementor-widget-wrap elementor-element-populated\">\n\t\t\t\t\t<div class=\"elementor-background-overlay\"><\/div>\n\t\t\t\t\t\t<div class=\"elementor-element elementor-element-4afcff9 elementor-widget elementor-widget-text-editor\" data-id=\"4afcff9\" data-element_type=\"widget\" data-e-type=\"widget\" data-widget_type=\"text-editor.default\">\n\t\t\t\t<div class=\"elementor-widget-container\">\n\t\t\t\t\t\t\t\t\t<p><strong>Email:<\/strong><br \/><a href=\"mailto:info@bpolatam.com\" target=\"_blank\" rel=\"noopener\">info@bpolatam.com<\/a><\/p>\t\t\t\t\t\t\t\t<\/div>\n\t\t\t\t<\/div>\n\t\t\t\t\t<\/div>\n\t\t<\/div>\n\t\t\t\t<div class=\"elementor-column elementor-col-33 elementor-top-column elementor-element elementor-element-a094eaf contact-cta-col\" data-id=\"a094eaf\" data-element_type=\"column\" data-e-type=\"column\" data-settings=\"{&quot;background_background&quot;:&quot;classic&quot;}\">\n\t\t\t<div class=\"elementor-widget-wrap elementor-element-populated\">\n\t\t\t\t\t<div class=\"elementor-background-overlay\"><\/div>\n\t\t\t\t\t\t<div class=\"elementor-element elementor-element-f9467fd elementor-widget elementor-widget-text-editor\" data-id=\"f9467fd\" data-element_type=\"widget\" data-e-type=\"widget\" data-widget_type=\"text-editor.default\">\n\t\t\t\t<div class=\"elementor-widget-container\">\n\t\t\t\t\t\t\t\t\t<p><strong>Direcci\u00f3n:<br \/><\/strong><a href=\"https:\/\/goo.gl\/maps\/dRbaC6brTTndtuvd7\" target=\"_blank\" rel=\"noopener\">2645 Executive Park Dr, Weston, FL 33331, EE. UU.<\/a><\/p>\t\t\t\t\t\t\t\t<\/div>\n\t\t\t\t<\/div>\n\t\t\t\t\t<\/div>\n\t\t<\/div>\n\t\t\t\t<div class=\"elementor-column elementor-col-33 elementor-top-column elementor-element elementor-element-f0662f5 contact-cta-col\" data-id=\"f0662f5\" data-element_type=\"column\" data-e-type=\"column\" data-settings=\"{&quot;background_background&quot;:&quot;classic&quot;}\">\n\t\t\t<div class=\"elementor-widget-wrap elementor-element-populated\">\n\t\t\t\t\t<div class=\"elementor-background-overlay\"><\/div>\n\t\t\t\t\t\t<div class=\"elementor-element elementor-element-c047a74 elementor-widget elementor-widget-text-editor\" data-id=\"c047a74\" data-element_type=\"widget\" data-e-type=\"widget\" data-widget_type=\"text-editor.default\">\n\t\t\t\t<div class=\"elementor-widget-container\">\n\t\t\t\t\t\t\t\t\t<p><strong>Tel\u00e9fono:<br \/><\/strong><a href=\"tel:+19543549006\" target=\"_blank\" rel=\"noopener\">+1 (954) 354 &#8211; 9006<\/a><\/p>\t\t\t\t\t\t\t\t<\/div>\n\t\t\t\t<\/div>\n\t\t\t\t\t<\/div>\n\t\t<\/div>\n\t\t\t\t\t<\/div>\n\t\t<\/section>\n\t\t\t\t<\/div>\n\t\t","protected":false},"excerpt":{"rendered":"<p>Somos su soluci\u00f3n m\u00e1s conveniente y rentable para contratar Empleados Virtuales o externalizar sus funciones y procesos de negocio, en Am\u00e9rica Latina. Acepto recibir informaci\u00f3n de BPO Latam * Email: info@bpolatam.com Direcci\u00f3n: 2645 Executive Park Dr, Weston, FL 33331, EE. UU. Tel\u00e9fono: +1 (954) 354 &#8211; 9006<\/p>\n","protected":false},"author":1,"featured_media":8155,"parent":0,"menu_order":0,"comment_status":"closed","ping_status":"closed","template":"elementor_canvas","meta":{"inline_featured_image":false,"_joinchat":[],"footnotes":""},"class_list":["post-12","page","type-page","status-publish","has-post-thumbnail","hentry"],"yoast_head":"<!-- This site is optimized with the Yoast SEO plugin v27.2 - https:\/\/yoast.com\/product\/yoast-seo-wordpress\/ -->\n<title>Contacto - BPO Latam<\/title>\n<meta name=\"description\" content=\"Somos la soluci\u00f3n m\u00e1s conveniente y rentable para contratar Empleados Virtuales completa el formulario de contacto para m\u00e1s informaci\u00f3n\" \/>\n<meta name=\"robots\" content=\"index, follow, max-snippet:-1, max-image-preview:large, max-video-preview:-1\" \/>\n<link rel=\"canonical\" href=\"https:\/\/bpolatam.com\/es\/contacto\/\" \/>\n<meta property=\"og:locale\" content=\"es_ES\" \/>\n<meta property=\"og:type\" content=\"article\" \/>\n<meta property=\"og:title\" content=\"Contacto - BPO Latam\" \/>\n<meta property=\"og:description\" content=\"Somos la soluci\u00f3n m\u00e1s conveniente y rentable para contratar Empleados Virtuales completa el formulario de contacto para m\u00e1s informaci\u00f3n\" \/>\n<meta property=\"og:url\" content=\"https:\/\/bpolatam.com\/es\/contacto\/\" \/>\n<meta property=\"og:site_name\" content=\"BPO Latam\" \/>\n<meta property=\"article:modified_time\" content=\"2023-08-10T03:41:58+00:00\" \/>\n<meta property=\"og:image\" content=\"https:\/\/bpolatam.com\/wp-content\/uploads\/2023\/08\/bpo-post-card.jpg\" \/>\n\t<meta property=\"og:image:width\" content=\"1200\" \/>\n\t<meta property=\"og:image:height\" content=\"600\" \/>\n\t<meta property=\"og:image:type\" content=\"image\/jpeg\" \/>\n<meta name=\"twitter:card\" content=\"summary_large_image\" \/>\n<meta name=\"twitter:label1\" content=\"Tiempo de lectura\" \/>\n\t<meta name=\"twitter:data1\" content=\"1 minuto\" \/>\n<script type=\"application\/ld+json\" class=\"yoast-schema-graph\">{\"@context\":\"https:\/\/schema.org\",\"@graph\":[{\"@type\":\"WebPage\",\"@id\":\"https:\/\/bpolatam.com\/es\/contacto\/\",\"url\":\"https:\/\/bpolatam.com\/es\/contacto\/\",\"name\":\"Contacto - BPO Latam\",\"isPartOf\":{\"@id\":\"https:\/\/bpolatam.com\/es\/#website\"},\"primaryImageOfPage\":{\"@id\":\"https:\/\/bpolatam.com\/es\/contacto\/#primaryimage\"},\"image\":{\"@id\":\"https:\/\/bpolatam.com\/es\/contacto\/#primaryimage\"},\"thumbnailUrl\":\"https:\/\/i0.wp.com\/bpolatam.com\/wp-content\/uploads\/2023\/08\/bpo-post-card.jpg?fit=1200%2C600&ssl=1\",\"datePublished\":\"2023-01-24T08:09:55+00:00\",\"dateModified\":\"2023-08-10T03:41:58+00:00\",\"description\":\"Somos la soluci\u00f3n m\u00e1s conveniente y rentable para contratar Empleados Virtuales completa el formulario de contacto para m\u00e1s informaci\u00f3n\",\"breadcrumb\":{\"@id\":\"https:\/\/bpolatam.com\/es\/contacto\/#breadcrumb\"},\"inLanguage\":\"es\",\"potentialAction\":[{\"@type\":\"ReadAction\",\"target\":[\"https:\/\/bpolatam.com\/es\/contacto\/\"]}]},{\"@type\":\"ImageObject\",\"inLanguage\":\"es\",\"@id\":\"https:\/\/bpolatam.com\/es\/contacto\/#primaryimage\",\"url\":\"https:\/\/i0.wp.com\/bpolatam.com\/wp-content\/uploads\/2023\/08\/bpo-post-card.jpg?fit=1200%2C600&ssl=1\",\"contentUrl\":\"https:\/\/i0.wp.com\/bpolatam.com\/wp-content\/uploads\/2023\/08\/bpo-post-card.jpg?fit=1200%2C600&ssl=1\",\"width\":1200,\"height\":600,\"caption\":\"BPO LATAM - Business Process Outsourcing\"},{\"@type\":\"BreadcrumbList\",\"@id\":\"https:\/\/bpolatam.com\/es\/contacto\/#breadcrumb\",\"itemListElement\":[{\"@type\":\"ListItem\",\"position\":1,\"name\":\"Portada\",\"item\":\"https:\/\/bpolatam.com\/es\/\"},{\"@type\":\"ListItem\",\"position\":2,\"name\":\"Contacto\"}]},{\"@type\":\"WebSite\",\"@id\":\"https:\/\/bpolatam.com\/es\/#website\",\"url\":\"https:\/\/bpolatam.com\/es\/\",\"name\":\"BPO Latam\",\"description\":\"Business Process Outsourcing\",\"publisher\":{\"@id\":\"https:\/\/bpolatam.com\/es\/#organization\"},\"potentialAction\":[{\"@type\":\"SearchAction\",\"target\":{\"@type\":\"EntryPoint\",\"urlTemplate\":\"https:\/\/bpolatam.com\/es\/?s={search_term_string}\"},\"query-input\":{\"@type\":\"PropertyValueSpecification\",\"valueRequired\":true,\"valueName\":\"search_term_string\"}}],\"inLanguage\":\"es\"},{\"@type\":\"Organization\",\"@id\":\"https:\/\/bpolatam.com\/es\/#organization\",\"name\":\"BPO Latam\",\"url\":\"https:\/\/bpolatam.com\/es\/\",\"logo\":{\"@type\":\"ImageObject\",\"inLanguage\":\"es\",\"@id\":\"https:\/\/bpolatam.com\/es\/#\/schema\/logo\/image\/\",\"url\":\"https:\/\/bpolatam.com\/wp-content\/uploads\/2023\/07\/bpo-logo.svg\",\"contentUrl\":\"https:\/\/bpolatam.com\/wp-content\/uploads\/2023\/07\/bpo-logo.svg\",\"width\":792,\"height\":612,\"caption\":\"BPO Latam\"},\"image\":{\"@id\":\"https:\/\/bpolatam.com\/es\/#\/schema\/logo\/image\/\"}}]}<\/script>\n<!-- \/ Yoast SEO plugin. -->","yoast_head_json":{"title":"Contacto - BPO Latam","description":"Somos la soluci\u00f3n m\u00e1s conveniente y rentable para contratar Empleados Virtuales completa el formulario de contacto para m\u00e1s informaci\u00f3n","robots":{"index":"index","follow":"follow","max-snippet":"max-snippet:-1","max-image-preview":"max-image-preview:large","max-video-preview":"max-video-preview:-1"},"canonical":"https:\/\/bpolatam.com\/es\/contacto\/","og_locale":"es_ES","og_type":"article","og_title":"Contacto - BPO Latam","og_description":"Somos la soluci\u00f3n m\u00e1s conveniente y rentable para contratar Empleados Virtuales completa el formulario de contacto para m\u00e1s informaci\u00f3n","og_url":"https:\/\/bpolatam.com\/es\/contacto\/","og_site_name":"BPO Latam","article_modified_time":"2023-08-10T03:41:58+00:00","og_image":[{"width":1200,"height":600,"url":"https:\/\/bpolatam.com\/wp-content\/uploads\/2023\/08\/bpo-post-card.jpg","type":"image\/jpeg"}],"twitter_card":"summary_large_image","twitter_misc":{"Tiempo de lectura":"1 minuto"},"schema":{"@context":"https:\/\/schema.org","@graph":[{"@type":"WebPage","@id":"https:\/\/bpolatam.com\/es\/contacto\/","url":"https:\/\/bpolatam.com\/es\/contacto\/","name":"Contacto - BPO Latam","isPartOf":{"@id":"https:\/\/bpolatam.com\/es\/#website"},"primaryImageOfPage":{"@id":"https:\/\/bpolatam.com\/es\/contacto\/#primaryimage"},"image":{"@id":"https:\/\/bpolatam.com\/es\/contacto\/#primaryimage"},"thumbnailUrl":"https:\/\/i0.wp.com\/bpolatam.com\/wp-content\/uploads\/2023\/08\/bpo-post-card.jpg?fit=1200%2C600&ssl=1","datePublished":"2023-01-24T08:09:55+00:00","dateModified":"2023-08-10T03:41:58+00:00","description":"Somos la soluci\u00f3n m\u00e1s conveniente y rentable para contratar Empleados Virtuales completa el formulario de contacto para m\u00e1s informaci\u00f3n","breadcrumb":{"@id":"https:\/\/bpolatam.com\/es\/contacto\/#breadcrumb"},"inLanguage":"es","potentialAction":[{"@type":"ReadAction","target":["https:\/\/bpolatam.com\/es\/contacto\/"]}]},{"@type":"ImageObject","inLanguage":"es","@id":"https:\/\/bpolatam.com\/es\/contacto\/#primaryimage","url":"https:\/\/i0.wp.com\/bpolatam.com\/wp-content\/uploads\/2023\/08\/bpo-post-card.jpg?fit=1200%2C600&ssl=1","contentUrl":"https:\/\/i0.wp.com\/bpolatam.com\/wp-content\/uploads\/2023\/08\/bpo-post-card.jpg?fit=1200%2C600&ssl=1","width":1200,"height":600,"caption":"BPO LATAM - Business Process Outsourcing"},{"@type":"BreadcrumbList","@id":"https:\/\/bpolatam.com\/es\/contacto\/#breadcrumb","itemListElement":[{"@type":"ListItem","position":1,"name":"Portada","item":"https:\/\/bpolatam.com\/es\/"},{"@type":"ListItem","position":2,"name":"Contacto"}]},{"@type":"WebSite","@id":"https:\/\/bpolatam.com\/es\/#website","url":"https:\/\/bpolatam.com\/es\/","name":"BPO Latam","description":"Business Process Outsourcing","publisher":{"@id":"https:\/\/bpolatam.com\/es\/#organization"},"potentialAction":[{"@type":"SearchAction","target":{"@type":"EntryPoint","urlTemplate":"https:\/\/bpolatam.com\/es\/?s={search_term_string}"},"query-input":{"@type":"PropertyValueSpecification","valueRequired":true,"valueName":"search_term_string"}}],"inLanguage":"es"},{"@type":"Organization","@id":"https:\/\/bpolatam.com\/es\/#organization","name":"BPO Latam","url":"https:\/\/bpolatam.com\/es\/","logo":{"@type":"ImageObject","inLanguage":"es","@id":"https:\/\/bpolatam.com\/es\/#\/schema\/logo\/image\/","url":"https:\/\/bpolatam.com\/wp-content\/uploads\/2023\/07\/bpo-logo.svg","contentUrl":"https:\/\/bpolatam.com\/wp-content\/uploads\/2023\/07\/bpo-logo.svg","width":792,"height":612,"caption":"BPO Latam"},"image":{"@id":"https:\/\/bpolatam.com\/es\/#\/schema\/logo\/image\/"}}]}},"jetpack_sharing_enabled":true,"_links":{"self":[{"href":"https:\/\/bpolatam.com\/es\/wp-json\/wp\/v2\/pages\/12","targetHints":{"allow":["GET"]}}],"collection":[{"href":"https:\/\/bpolatam.com\/es\/wp-json\/wp\/v2\/pages"}],"about":[{"href":"https:\/\/bpolatam.com\/es\/wp-json\/wp\/v2\/types\/page"}],"author":[{"embeddable":true,"href":"https:\/\/bpolatam.com\/es\/wp-json\/wp\/v2\/users\/1"}],"replies":[{"embeddable":true,"href":"https:\/\/bpolatam.com\/es\/wp-json\/wp\/v2\/comments?post=12"}],"version-history":[{"count":92,"href":"https:\/\/bpolatam.com\/es\/wp-json\/wp\/v2\/pages\/12\/revisions"}],"predecessor-version":[{"id":8150,"href":"https:\/\/bpolatam.com\/es\/wp-json\/wp\/v2\/pages\/12\/revisions\/8150"}],"wp:featuredmedia":[{"embeddable":true,"href":"https:\/\/bpolatam.com\/es\/wp-json\/wp\/v2\/media\/8155"}],"wp:attachment":[{"href":"https:\/\/bpolatam.com\/es\/wp-json\/wp\/v2\/media?parent=12"}],"curies":[{"name":"wp","href":"https:\/\/api.w.org\/{rel}","templated":true}]}}